{"id":1187,"date":"2024-04-13T08:26:29","date_gmt":"2024-04-13T07:26:29","guid":{"rendered":"https:\/\/mycopor.eu\/zelena-prihodnost\/"},"modified":"2024-11-07T13:01:56","modified_gmt":"2024-11-07T13:01:56","slug":"zelena-prihodnost","status":"publish","type":"page","link":"https:\/\/mycopor.eu\/sl\/zelena-prihodnost\/","title":{"rendered":"Zelena prihodnost"},"content":{"rendered":"\t\t<div data-elementor-type=\"wp-page\" data-elementor-id=\"1187\" class=\"elementor elementor-1187 elementor-66\" data-elementor-post-type=\"page\">\n\t\t\t\t<div class=\"elementor-element elementor-element-c2191c2 e-flex e-con-boxed e-con e-parent\" data-id=\"c2191c2\" data-element_type=\"container\" data-e-type=\"container\">\n\t\t\t\t\t<div class=\"e-con-inner\">\n\t\t<div class=\"elementor-element elementor-element-0dbe30a e-con-full mycopor-featured-image e-flex e-con e-child\" data-id=\"0dbe30a\" data-element_type=\"container\" data-e-type=\"container\" data-settings=\"{&quot;background_background&quot;:&quot;classic&quot;}\">\n\t\t<div class=\"elementor-element elementor-element-73d0977 e-con-full mycopor-featured-bg e-transform e-flex e-con e-child\" data-id=\"73d0977\" data-element_type=\"container\" data-e-type=\"container\" data-settings=\"{&quot;background_background&quot;:&quot;classic&quot;,&quot;_transform_translateY_effect&quot;:{&quot;unit&quot;:&quot;px&quot;,&quot;size&quot;:100,&quot;sizes&quot;:[]},&quot;_transform_translateX_effect&quot;:{&quot;unit&quot;:&quot;px&quot;,&quot;size&quot;:&quot;&quot;,&quot;sizes&quot;:[]},&quot;_transform_translateX_effect_laptop&quot;:{&quot;unit&quot;:&quot;px&quot;,&quot;size&quot;:&quot;&quot;,&quot;sizes&quot;:[]},&quot;_transform_translateX_effect_tablet&quot;:{&quot;unit&quot;:&quot;px&quot;,&quot;size&quot;:&quot;&quot;,&quot;sizes&quot;:[]},&quot;_transform_translateX_effect_mobile&quot;:{&quot;unit&quot;:&quot;px&quot;,&quot;size&quot;:&quot;&quot;,&quot;sizes&quot;:[]},&quot;_transform_translateY_effect_laptop&quot;:{&quot;unit&quot;:&quot;px&quot;,&quot;size&quot;:&quot;&quot;,&quot;sizes&quot;:[]},&quot;_transform_translateY_effect_tablet&quot;:{&quot;unit&quot;:&quot;px&quot;,&quot;size&quot;:&quot;&quot;,&quot;sizes&quot;:[]},&quot;_transform_translateY_effect_mobile&quot;:{&quot;unit&quot;:&quot;px&quot;,&quot;size&quot;:&quot;&quot;,&quot;sizes&quot;:[]}}\">\n\t\t\t\t<div class=\"elementor-element elementor-element-44813e7 elementor-widget elementor-widget-shortcode\" data-id=\"44813e7\" data-element_type=\"widget\" data-e-type=\"widget\" data-widget_type=\"shortcode.default\">\n\t\t\t\t<div class=\"elementor-widget-container\">\n\t\t\t\t\t\t\t<div class=\"elementor-shortcode\"><nav aria-label=\"breadcrumbs\" class=\"rank-math-breadcrumb\"><p><span class=\"last\">Home<\/span><\/p><\/nav><\/div>\n\t\t\t\t\t\t<\/div>\n\t\t\t\t<\/div>\n\t\t\t\t<div class=\"elementor-element elementor-element-460282e elementor-widget elementor-widget-heading\" data-id=\"460282e\" data-element_type=\"widget\" data-e-type=\"widget\" data-widget_type=\"heading.default\">\n\t\t\t\t<div class=\"elementor-widget-container\">\n\t\t\t\t\t<h1 class=\"elementor-heading-title elementor-size-default\">Zelena prihodnost<\/h1>\t\t\t\t<\/div>\n\t\t\t\t<\/div>\n\t\t\t\t<div class=\"elementor-element elementor-element-9a37ee3 link-color-text elementor-widget__width-initial elementor-widget-mobile__width-inherit elementor-widget elementor-widget-text-editor\" data-id=\"9a37ee3\" data-element_type=\"widget\" data-e-type=\"widget\" data-widget_type=\"text-editor.default\">\n\t\t\t\t<div class=\"elementor-widget-container\">\n\t\t\t\t\t\t\t\t\t<p>Smo glive, ki izvirajo iz zemlje in se z rastlinsko biomaso pretvorijo v izdelke, ki slu\u017eijo vam in va\u0161im strankam. Rastemo v sozvo\u010dju z naravo in zagotavljamo, da ne \u0161kodujemo okolju. Na\u0161i materiali lahko dobijo kakr\u0161no koli obliko, ki jo zahtevate, pri \u010demer smo mo\u010dno zavezani k trajnosti. Ostanemo stabilni, dokler nas niste pripravljeni odstraniti. Ko pride \u010das, nas preprosto vrnite naravi, kjer se razgradimo v bogat kompost, ki hrani novo rast rastlin in nadaljuje krog \u017eivljenja.    <\/p>\n\t\t\t\t\t\t\t\t<\/div>\n\t\t\t\t<\/div>\n\t\t\t\t<\/div>\n\t\t\t\t<\/div>\n\t\t\t\t\t<\/div>\n\t\t\t\t<\/div>\n\t\t<div class=\"elementor-element elementor-element-d19725f e-flex e-con-boxed elementor-invisible e-con e-parent\" data-id=\"d19725f\" data-element_type=\"container\" data-e-type=\"container\" data-settings=\"{&quot;animation&quot;:&quot;fadeIn&quot;}\">\n\t\t\t\t\t<div class=\"e-con-inner\">\n\t\t\t\t<div class=\"elementor-element elementor-element-abe1bf9 elementor-widget elementor-widget-heading\" data-id=\"abe1bf9\" data-element_type=\"widget\" data-e-type=\"widget\" data-widget_type=\"heading.default\">\n\t\t\t\t<div class=\"elementor-widget-container\">\n\t\t\t\t\t<h2 class=\"elementor-heading-title elementor-size-default\">Prihodnost je v na\u0161ih rokah - ukrepajte, preden bo prepozno.  <\/h2>\t\t\t\t<\/div>\n\t\t\t\t<\/div>\n\t\t\t\t<div class=\"elementor-element elementor-element-07989b6 elementor-widget elementor-widget-heading\" data-id=\"07989b6\" data-element_type=\"widget\" data-e-type=\"widget\" data-widget_type=\"heading.default\">\n\t\t\t\t<div class=\"elementor-widget-container\">\n\t\t\t\t\t<h2 class=\"elementor-heading-title elementor-size-default\">100 % naravne re\u0161itve.  <\/h2>\t\t\t\t<\/div>\n\t\t\t\t<\/div>\n\t\t<div class=\"elementor-element elementor-element-85fd390 e-flex e-con-boxed e-con e-child\" data-id=\"85fd390\" data-element_type=\"container\" data-e-type=\"container\">\n\t\t\t\t\t<div class=\"e-con-inner\">\n\t\t\t\t<div class=\"elementor-element elementor-element-04d31cc elementor-widget elementor-widget-image\" data-id=\"04d31cc\" data-element_type=\"widget\" data-e-type=\"widget\" data-widget_type=\"image.default\">\n\t\t\t\t<div class=\"elementor-widget-container\">\n\t\t\t\t\t\t\t\t\t\t\t\t\t\t\t<img fetchpriority=\"high\" decoding=\"async\" width=\"923\" height=\"762\" src=\"https:\/\/mycopor.eu\/wp-content\/uploads\/2024\/04\/Future-is-in-your-hands-1.png\" class=\"attachment-large size-large wp-image-1057\" alt=\"\" srcset=\"https:\/\/mycopor.eu\/wp-content\/uploads\/2024\/04\/Future-is-in-your-hands-1.png 923w, https:\/\/mycopor.eu\/wp-content\/uploads\/2024\/04\/Future-is-in-your-hands-1-300x248.png 300w, https:\/\/mycopor.eu\/wp-content\/uploads\/2024\/04\/Future-is-in-your-hands-1-768x634.png 768w\" sizes=\"(max-width: 923px) 100vw, 923px\" \/>\t\t\t\t\t\t\t\t\t\t\t\t\t\t\t<\/div>\n\t\t\t\t<\/div>\n\t\t\t\t<div class=\"elementor-element elementor-element-498977e elementor-widget elementor-widget-heading\" data-id=\"498977e\" data-element_type=\"widget\" data-e-type=\"widget\" data-widget_type=\"heading.default\">\n\t\t\t\t<div class=\"elementor-widget-container\">\n\t\t\t\t\t<h2 class=\"elementor-heading-title elementor-size-default\"><span class=\"text-blue\">Prihodnost<\/span> je v <br> va\u0161ih <span class=\"text-blue\">rokah<\/span> <\/h2>\t\t\t\t<\/div>\n\t\t\t\t<\/div>\n\t\t\t\t\t<\/div>\n\t\t\t\t<\/div>\n\t\t\t\t\t<\/div>\n\t\t\t\t<\/div>\n\t\t<div class=\"elementor-element elementor-element-c0d0231 e-flex e-con-boxed elementor-invisible e-con e-parent\" data-id=\"c0d0231\" data-element_type=\"container\" data-e-type=\"container\" data-settings=\"{&quot;animation&quot;:&quot;fadeIn&quot;}\">\n\t\t\t\t\t<div class=\"e-con-inner\">\n\t\t\t\t<div class=\"elementor-element elementor-element-a09a1de elementor-widget elementor-widget-template\" data-id=\"a09a1de\" data-element_type=\"widget\" data-e-type=\"widget\" data-widget_type=\"template.default\">\n\t\t\t\t<div class=\"elementor-widget-container\">\n\t\t\t\t\t\t\t<div class=\"elementor-template\">\n\t\t\t\t\t<div data-elementor-type=\"container\" data-elementor-id=\"1223\" class=\"elementor elementor-1223 elementor-232\" data-elementor-post-type=\"elementor_library\">\n\t\t\t\t<div class=\"elementor-element elementor-element-ac0d780 e-flex e-con-boxed e-con e-parent\" data-id=\"ac0d780\" data-element_type=\"container\" data-e-type=\"container\">\n\t\t\t\t\t<div class=\"e-con-inner\">\n\t\t<div class=\"elementor-element elementor-element-0f78d2d e-flex e-con-boxed e-con e-child\" data-id=\"0f78d2d\" data-element_type=\"container\" data-e-type=\"container\" data-settings=\"{&quot;background_background&quot;:&quot;classic&quot;}\">\n\t\t\t\t\t<div class=\"e-con-inner\">\n\t\t\t\t<div class=\"elementor-element elementor-element-8642610 elementor-widget elementor-widget-heading\" data-id=\"8642610\" data-element_type=\"widget\" data-e-type=\"widget\" data-widget_type=\"heading.default\">\n\t\t\t\t<div class=\"elementor-widget-container\">\n\t\t\t\t\t<h2 class=\"elementor-heading-title elementor-size-default\">ZAPROSITE ZA SVOJO ZELENO RE\u0160ITEV<\/h2>\t\t\t\t<\/div>\n\t\t\t\t<\/div>\n\t\t\t\t<div class=\"elementor-element elementor-element-c0ef1f6 elementor-widget elementor-widget-button\" data-id=\"c0ef1f6\" data-element_type=\"widget\" data-e-type=\"widget\" data-widget_type=\"button.default\">\n\t\t\t\t<div class=\"elementor-widget-container\">\n\t\t\t\t\t\t\t\t\t<div class=\"elementor-button-wrapper\">\n\t\t\t\t\t<a class=\"elementor-button elementor-button-link elementor-size-sm\" href=\"#elementor-action%3Aaction%3Dpopup%3Aopen%26settings%3DeyJpZCI6MTIyMCwidG9nZ2xlIjpmYWxzZX0%3D\">\n\t\t\t\t\t\t<span class=\"elementor-button-content-wrapper\">\n\t\t\t\t\t\t\t\t\t<span class=\"elementor-button-text\">Po\u0161lji povpra\u0161evanje<\/span>\n\t\t\t\t\t<\/span>\n\t\t\t\t\t<\/a>\n\t\t\t\t<\/div>\n\t\t\t\t\t\t\t\t<\/div>\n\t\t\t\t<\/div>\n\t\t\t\t\t<\/div>\n\t\t\t\t<\/div>\n\t\t\t\t\t<\/div>\n\t\t\t\t<\/div>\n\t\t\t\t<\/div>\n\t\t\t\t<\/div>\n\t\t\t\t\t\t<\/div>\n\t\t\t\t<\/div>\n\t\t\t\t\t<\/div>\n\t\t\t\t<\/div>\n\t\t\t\t<\/div>\n\t\t","protected":false},"excerpt":{"rendered":"Smo glive, ki izvirajo iz zemlje in se z rastlinsko biomaso pretvorijo v izdelke, ki slu\u017eijo vam in va\u0161im strankam. Rastemo v sozvo\u010dju z naravo in zagotavljamo, da ne \u0161kodujemo okolju. Na\u0161i materiali lahko dobijo kakr\u0161no koli obliko, ki jo zahtevate, pri \u010demer smo mo\u010dno zavezani k trajnosti. Ostanemo stabilni, dokler nas niste pripravljeni odstraniti&#8230;. <a class=\"view-article\" href=\"https:\/\/mycopor.eu\/sl\/zelena-prihodnost\/\">View Article<\/a>","protected":false},"author":5,"featured_media":1056,"parent":0,"menu_order":0,"comment_status":"closed","ping_status":"closed","template":"","meta":{"footnotes":""},"class_list":["post-1187","page","type-page","status-publish","has-post-thumbnail","hentry"],"_links":{"self":[{"href":"https:\/\/mycopor.eu\/sl\/wp-json\/wp\/v2\/pages\/1187","targetHints":{"allow":["GET"]}}],"collection":[{"href":"https:\/\/mycopor.eu\/sl\/wp-json\/wp\/v2\/pages"}],"about":[{"href":"https:\/\/mycopor.eu\/sl\/wp-json\/wp\/v2\/types\/page"}],"author":[{"embeddable":true,"href":"https:\/\/mycopor.eu\/sl\/wp-json\/wp\/v2\/users\/5"}],"replies":[{"embeddable":true,"href":"https:\/\/mycopor.eu\/sl\/wp-json\/wp\/v2\/comments?post=1187"}],"version-history":[{"count":2,"href":"https:\/\/mycopor.eu\/sl\/wp-json\/wp\/v2\/pages\/1187\/revisions"}],"predecessor-version":[{"id":1196,"href":"https:\/\/mycopor.eu\/sl\/wp-json\/wp\/v2\/pages\/1187\/revisions\/1196"}],"wp:featuredmedia":[{"embeddable":true,"href":"https:\/\/mycopor.eu\/sl\/wp-json\/wp\/v2\/media\/1056"}],"wp:attachment":[{"href":"https:\/\/mycopor.eu\/sl\/wp-json\/wp\/v2\/media?parent=1187"}],"curies":[{"name":"wp","href":"https:\/\/api.w.org\/{rel}","templated":true}]}}