{"id":1260,"date":"2024-09-12T08:59:19","date_gmt":"2024-09-12T07:59:19","guid":{"rendered":"https:\/\/mycopor.eu\/piskotki\/"},"modified":"2024-11-07T13:02:17","modified_gmt":"2024-11-07T13:02:17","slug":"piskotki","status":"publish","type":"page","link":"https:\/\/mycopor.eu\/sl\/piskotki\/","title":{"rendered":"Pi\u0161kotki"},"content":{"rendered":"\t\t<div data-elementor-type=\"wp-page\" data-elementor-id=\"1260\" class=\"elementor elementor-1260 elementor-896\" data-elementor-post-type=\"page\">\n\t\t\t\t<div class=\"elementor-element elementor-element-3ab1b68 link-color-text e-flex e-con-boxed e-con e-parent\" data-id=\"3ab1b68\" data-element_type=\"container\" data-e-type=\"container\">\n\t\t\t\t\t<div class=\"e-con-inner\">\n\t\t\t\t<div class=\"elementor-element elementor-element-a87e4e7 elementor-widget elementor-widget-text-editor\" data-id=\"a87e4e7\" data-element_type=\"widget\" data-e-type=\"widget\" data-widget_type=\"text-editor.default\">\n\t\t\t\t<div class=\"elementor-widget-container\">\n\t\t\t\t\t\t\t\t\t<h3><strong>Pi\u0161kotki<\/strong><\/h3>\n<h3>Kaj so pi\u0161kotki?<\/h3>\n<p>Pi\u0161kotki so majhne datoteke, ki jih prenesemo v va\u0161 ra\u010dunalnik, da bi izbolj\u0161ali uporabni\u0161ko izku\u0161njo. Pi\u0161kotki sami po sebi ne vsebujejo nobenih podatkov. Vedno imate mo\u017enost, da pi\u0161kotke sprejmete ali zavrnete. Njihovo shranjevanje je pod popolnim nadzorom brskalnika, ki ga uporablja uporabnik. Pi\u0161kotki so majhne datoteke, ki jih obiskana spletna mesta po\u0161ljejo v va\u0161 ra\u010dunalnik in se v njem shranijo. Obi\u010dajno vsebujejo: ime stre\u017enika, s katerega je bil pi\u0161kotek poslan; \u017eivljenjsko dobo pi\u0161kotka; vrednost (edinstveno \u0161tevilko). Pi\u0161kotki so shranjeni v imeniku datotek spletnega brskalnika. Ob naslednjem obisku spletnega mesta brskalnik prebere pi\u0161kotek in posreduje informacije spletnemu mestu ali drugemu elementu, ki je nastavil pi\u0161kotek.       <\/p>\n<p><strong>Zakaj so pi\u0161kotki potrebni?<\/strong><\/p>\n<p>So temeljnega pomena za zagotavljanje uporabniku prijaznih spletnih storitev. S pomo\u010djo pi\u0161kotkov je interakcija med spletnim uporabnikom in spletnim mestom hitrej\u0161a in enostavnej\u0161a. Z njihovo pomo\u010djo si spletno mesto zapomni posameznikove preference in izku\u0161nje ter tako prihrani \u010das, brskanje po spletnem mestu pa je u\u010dinkovitej\u0161e in prijaznej\u0161e.  <\/p>\n<p>Nekaj konkretnih primerov uporabe pi\u0161kotkov:<\/p>\n<p>za bolj\u0161o uporabni\u0161ko izku\u0161njo spletnega mesta prilagodimo prikaz vsebine obiskovalcem na podlagi preteklih obiskov.<br \/>shranjevanje izbire pri oblikovanju o\u017ejega seznama naprav in ponudb ter njihovem primerjanju.<br \/>na delih spletnega mesta, kjer je potrebna prijava, vas prijavimo.<br \/>za prepoznavanje va\u0161e naprave (ra\u010dunalnik, tabli\u010dni ra\u010dunalnik, mobilni telefon), kar omogo\u010da, da se prikaz vsebine prilagodi va\u0161i napravi.<br \/>spremljanje obiska, ki omogo\u010da preverjanje u\u010dinkovitosti prikaza vsebine in ustreznosti oglasov ter stalno izbolj\u0161evanje spletnih mest.<br \/>so potrebni za delovanje dolo\u010denih storitev (npr. spletnih trgovin in drugih oblik e-poslovanja, &#8230;)<\/p>\n<p><strong>Zakaj na\u0161e spletno mesto uporablja pi\u0161kotke?<\/strong><\/p>\n<p>Pi\u0161kotki so pomembno sredstvo za ohranjanje sve\u017ee in ustrezne vsebine, ki je skladna z interesi in \u017eeljami posameznih spletnih uporabnikov. Razlogi za uporabo pi\u0161kotkov izhajajo iz njihovih lastnosti, ena od njih je shranjevanje podatkov o stanju posamezne spletne strani), pi\u0161kotki pomagajo pri izvajanju razli\u010dnih spletnih storitev (spletnih trgovin), pomagajo pri zbiranju razli\u010dnih statisti\u010dnih podatkov, saj lahko le z njimi dolo\u010dimo pogostost obiskovanja dolo\u010dene spletne strani. S pomo\u010djo pi\u0161kotkov lahko upravljavec spletnega mesta oceni u\u010dinkovitost zasnove svojega spletnega mesta ter ustreznost vrste in \u0161tevila oglasov, ki so na njegovem spletnem mestu na voljo tretjim uporabnikom.  <\/p>\n<p><strong>Onemogo\u010danje pi\u0161kotkov<\/strong><\/p>\n<p>Sami se odlo\u010dite, ali dovolite shranjevanje pi\u0161kotkov v ra\u010dunalniku ali ne. Nastavitve pi\u0161kotkov lahko nadzorujete in spreminjate z izbranimi nastavitvami spletnega brskalnika. Za informacije o nastavitvah pi\u0161kotkov izberite spletni brskalnik, ki ga uporabljate.  <\/p>\n<p>Chrome<br \/>Firefox<br \/>Edge<br \/>Opera (stran v angle\u0161\u010dini)<br \/>Safari (stran v angle\u0161\u010dini)<\/p>\n<p>Vrste pi\u0161kotkov, ki jih uporabljamo na tem spletnem mestu<\/p>\n<p>Naslednji pi\u0161kotki se uporabljajo za zagotavljanje delovanja vseh funkcij spletnega mesta:<\/p>\n<p>pi\u0161kotki za analiti\u010dne namene<br \/>pi\u0161kotek za sledenje poti neregistriranih uporabnikov.<br \/>Dolo\u010dene vsebine so prilagojene dolo\u010denemu uporabniku, analiza obiska spletnega mesta pa omogo\u010da stalno izbolj\u0161evanje spletnega mesta.<\/p>\n<p>Natan\u010den opis vsakega pi\u0161kotka in \u010das njegove namestitve sta razvidna iz spodnjih preglednic:<\/p>\n<p><strong>1. Skupina: Nujni pi\u0161kotki<\/strong><\/p>\n<p>Pi\u0161kotki so besedilne datoteke, ki na stre\u017eniku prepoznajo va\u0161 ra\u010dunalnik. Pi\u0161kotki sami po sebi ne identificirajo posameznega uporabnika, temve\u010d ra\u010dunalnik, ki je bil uporabljen za dostop do spletnega mesta. Nujni pi\u0161kotki omogo\u010dajo uporabnost spletnega mesta, saj omogo\u010dajo osnovne funkcije, kot sta navigacija po strani in dostop do varnih obmo\u010dij spletnega mesta. Brez teh pi\u0161kotkov spletna stran ne deluje pravilno.   <\/p>\n<p><strong>2. Skupina: Neobvezni\/analiti\u010dni pi\u0161kotki<\/strong><\/p>\n<p>Pi\u0161kotki za statistiko pomagajo lastnikom spletnih mest razumeti, kako obiskovalci uporabljajo spletno mesto, saj anonimno zbirajo informacije in o njih poro\u010dajo.<\/p>\n<p><strong>3. Skupina: Pi\u0161kotki za tr\u017eenje<\/strong><\/p>\n<p>Uporabljajo se za sledenje uporabnikom na spletnem mestu. Namen je prikazovanje oglasov, ki so primerni in zanimivi za posameznega uporabnika. <\/p>\n<\/p>\n<p>Tabela uporabljenih pi\u0161kotkov<br \/>Nujni<br \/>Nujni pi\u0161kotki so bistveni za osnovne funkcije spletnega mesta in brez njih spletno mesto ne bo delovalo, kot je predvideno. Ti pi\u0161kotki ne shranjujejo nobenih osebnih podatkov. <\/p>\n\t\t\t\t\t\t\t\t<\/div>\n\t\t\t\t<\/div>\n\t\t\t\t<div class=\"elementor-element elementor-element-a05376d elementor-widget elementor-widget-html\" data-id=\"a05376d\" data-element_type=\"widget\" data-e-type=\"widget\" data-widget_type=\"html.default\">\n\t\t\t\t<div class=\"elementor-widget-container\">\n\t\t\t\t\t<div class=\"cky-audit-table-element\"><\/div>\t\t\t\t<\/div>\n\t\t\t\t<\/div>\n\t\t\t\t\t<\/div>\n\t\t\t\t<\/div>\n\t\t\t\t<\/div>\n\t\t","protected":false},"excerpt":{"rendered":"Pi\u0161kotki Kaj so pi\u0161kotki? Pi\u0161kotki so majhne datoteke, ki jih prenesemo v va\u0161 ra\u010dunalnik, da bi izbolj\u0161ali uporabni\u0161ko izku\u0161njo. Pi\u0161kotki sami po sebi ne vsebujejo nobenih podatkov. Vedno imate mo\u017enost, da pi\u0161kotke sprejmete ali zavrnete. Njihovo shranjevanje je pod popolnim nadzorom brskalnika, ki ga uporablja uporabnik. Pi\u0161kotki so majhne datoteke, ki jih obiskana spletna mesta&#8230; <a class=\"view-article\" href=\"https:\/\/mycopor.eu\/sl\/piskotki\/\">View Article<\/a>","protected":false},"author":5,"featured_media":0,"parent":0,"menu_order":0,"comment_status":"closed","ping_status":"closed","template":"","meta":{"footnotes":""},"class_list":["post-1260","page","type-page","status-publish","hentry"],"_links":{"self":[{"href":"https:\/\/mycopor.eu\/sl\/wp-json\/wp\/v2\/pages\/1260","targetHints":{"allow":["GET"]}}],"collection":[{"href":"https:\/\/mycopor.eu\/sl\/wp-json\/wp\/v2\/pages"}],"about":[{"href":"https:\/\/mycopor.eu\/sl\/wp-json\/wp\/v2\/types\/page"}],"author":[{"embeddable":true,"href":"https:\/\/mycopor.eu\/sl\/wp-json\/wp\/v2\/users\/5"}],"replies":[{"embeddable":true,"href":"https:\/\/mycopor.eu\/sl\/wp-json\/wp\/v2\/comments?post=1260"}],"version-history":[{"count":2,"href":"https:\/\/mycopor.eu\/sl\/wp-json\/wp\/v2\/pages\/1260\/revisions"}],"predecessor-version":[{"id":1262,"href":"https:\/\/mycopor.eu\/sl\/wp-json\/wp\/v2\/pages\/1260\/revisions\/1262"}],"wp:attachment":[{"href":"https:\/\/mycopor.eu\/sl\/wp-json\/wp\/v2\/media?parent=1260"}],"curies":[{"name":"wp","href":"https:\/\/api.w.org\/{rel}","templated":true}]}}