{"id":1266,"date":"2024-09-12T08:57:53","date_gmt":"2024-09-12T07:57:53","guid":{"rendered":"https:\/\/mycopor.eu\/pogoji-in-dolocila\/"},"modified":"2024-11-08T06:54:51","modified_gmt":"2024-11-08T06:54:51","slug":"splosni-pogoji-poslovanja","status":"publish","type":"page","link":"https:\/\/mycopor.eu\/sl\/splosni-pogoji-poslovanja\/","title":{"rendered":"Splo\u0161ni pogoji poslovanja"},"content":{"rendered":"\t\t<div data-elementor-type=\"wp-page\" data-elementor-id=\"1266\" class=\"elementor elementor-1266 elementor-891\" data-elementor-post-type=\"page\">\n\t\t\t\t<div class=\"elementor-element elementor-element-4542b3b link-color-text e-flex e-con-boxed e-con e-parent\" data-id=\"4542b3b\" data-element_type=\"container\" data-e-type=\"container\">\n\t\t\t\t\t<div class=\"e-con-inner\">\n\t\t\t\t<div class=\"elementor-element elementor-element-09523aa elementor-widget elementor-widget-text-editor\" data-id=\"09523aa\" data-element_type=\"widget\" data-e-type=\"widget\" data-widget_type=\"text-editor.default\">\n\t\t\t\t<div class=\"elementor-widget-container\">\n\t\t\t\t\t\t\t\t\t<div id=\"_rich_text-2-3\" class=\"oxy-rich-text rich-text\">\n<h1>Splo\u0161ni pogoji poslovanja<\/h1>\n<p>Pred uporabo na\u0161e storitve natan\u010dno preberite te pogoje in dolo\u010dila.<\/p>\n<\/p>\n<h2>Razlaga in opredelitve pojmov<\/h2>\n<h3>Tolma\u010denje<\/h3>\n<p>Besede, katerih za\u010detna \u010drka je zapisana z veliko za\u010detnico, imajo pomen, opredeljen pod naslednjimi pogoji. Naslednje opredelitve imajo enak pomen ne glede na to, ali so navedene v ednini ali mno\u017eini. <\/p>\n<\/p>\n<h3>Opredelitve pojmov<\/h3>\n<p>Za namene teh Pogojev in dolo\u010dil:<\/p>\n<ul>\n<li>\n<p><strong>Povezano podjetje<\/strong> pomeni podjetje, ki obvladuje stranko, jo obvladuje ali je pod skupnim nadzorom z njo, pri \u010demer &#8220;nadzor&#8221; pomeni lastni\u0161tvo 50 % ali ve\u010d delnic, lastni\u0161kih dele\u017eev ali drugih vrednostnih papirjev z glasovalno pravico za izvolitev direktorjev ali drugih organov upravljanja.<\/p>\n<\/li>\n<li>\n<p><strong>Dr\u017eava<\/strong> se nana\u0161a na: .<\/p>\n<\/li>\n<li>\n<p><strong>Dru\u017eba<\/strong> (v tej pogodbi imenovana &#8220;dru\u017eba&#8221;, &#8220;mi&#8221;, &#8220;nas&#8221; ali &#8220;na\u0161e&#8221;) se nana\u0161a na dru\u017ebo RUTENA d.o.o., Limbarska gora 42, 1251 Morav\u010de.<\/p>\n<\/li>\n<li>\n<p><strong>Naprava<\/strong> pomeni katero koli napravo, ki lahko dostopa do storitve, na primer ra\u010dunalnik, mobilni telefon ali digitalno tabli\u010dno napravo.<\/p>\n<\/li>\n<li>\n<p><strong>Storitev<\/strong> se nana\u0161a na spletno stran.<\/p>\n<\/li>\n<li>\n<p><strong>Splo\u0161ni<\/strong> pogoji (tudi &#8220;pogoji&#8221;) pomenijo te splo\u0161ne pogoje, ki predstavljajo celoten sporazum med vami in dru\u017ebo glede uporabe storitve. Ta pogodba o pogojih je bila ustvarjena s pomo\u010djo <a href=\"https:\/\/www.freeprivacypolicy.com\/blog\/sample-terms-conditions-template\/\" target=\"_blank\" rel=\"noopener\">predloge za pogoje in dolo\u010dila<\/a>. <\/p>\n<\/li>\n<li>\n<p><strong>Storitev socialnih medijev tretje osebe<\/strong> pomeni vse storitve ali vsebine (vklju\u010dno s podatki, informacijami, izdelki ali storitvami), ki jih zagotavlja tretja oseba in so lahko prikazane, vklju\u010dene ali dane na voljo prek storitve.<\/p>\n<\/li>\n<li>\n<p><strong>Spletno mesto<\/strong> se nana\u0161a na MYCOPOR, ki je dostopno na spletnem mestu <a href=\"mycopor.eu\" target=\"_blank\" rel=\"external nofollow noopener\">mycopor.eu.<\/a><\/p>\n<\/li>\n<li>\n<p><strong>Vi<\/strong> pomeni posameznika, ki dostopa do storitve ali jo uporablja, oziroma podjetje ali drugo pravno osebo, v imenu katere ta posameznik dostopa do storitve ali jo uporablja.<\/p>\n<\/li>\n<\/ul>\n<h2>Zahvala<\/h2>\n<p>To so pogoji, ki urejajo uporabo te storitve, in pogodba, ki velja med vami in dru\u017ebo. Ti pogoji dolo\u010dajo pravice in obveznosti vseh uporabnikov v zvezi z uporabo storitve. <\/p>\n<p>Pogoj za va\u0161 dostop do storitve in njeno uporabo je, da sprejmete in upo\u0161tevate te pogoje in dolo\u010dila. Ti pogoji veljajo za vse obiskovalce, uporabnike in druge, ki dostopajo do storitve ali jo uporabljajo. <\/p>\n<p>Z dostopom do storitve ali njeno uporabo se strinjate, da vas ti pogoji zavezujejo. \u010ce se ne strinjate s katerim koli delom teh pogojev, ne smete dostopati do storitve. <\/p>\n<p>Izjavljate, da ste starej\u0161i od 18 let. Dru\u017eba osebam, mlaj\u0161im od 18 let, ne dovoljuje uporabe storitve. <\/p>\n<p>Pogoj za va\u0161 dostop do storitve in njeno uporabo je tudi, da sprejmete in upo\u0161tevate Pravilnik o zasebnosti dru\u017ebe. Na\u0161 Pravilnik o zasebnosti opisuje na\u0161e politike in postopke glede zbiranja, uporabe in razkritja va\u0161ih osebnih podatkov, ko uporabljate Aplikacijo ali Spletno mesto, ter vas seznanja z va\u0161imi pravicami do zasebnosti in s tem, kako vas \u0161\u010diti zakonodaja. Preden za\u010dnete uporabljati na\u0161o storitev, skrbno preberite Na\u0161 pravilnik o zasebnosti.  <\/p>\n<\/p>\n<h2>Povezave do drugih spletnih mest<\/h2>\n<p>Na\u0161a storitev lahko vsebuje povezave do spletnih mest ali storitev tretjih oseb, ki niso v lasti ali pod nadzorom dru\u017ebe.<\/p>\n<p>Dru\u017eba nima nadzora nad vsebino, politiko zasebnosti ali prakso spletnih mest ali storitev tretjih oseb in ne prevzema odgovornosti zanje. Poleg tega priznavate in se strinjate, da dru\u017eba ni neposredno ali posredno odgovorna za kakr\u0161no koli \u0161kodo ali izgubo, povzro\u010deno ali domnevno povzro\u010deno z uporabo ali zana\u0161anjem na kakr\u0161no koli vsebino, blago ali storitve, ki so na voljo na tak\u0161nih spletnih mestih ali storitvah ali prek njih, ali v zvezi z njimi. <\/p>\n<p>Svetujemo vam, da preberete pogoje in pravilnike o zasebnosti vseh spletnih mest ali storitev tretjih oseb, ki jih obi\u0161\u010dete.<\/p>\n<\/p>\n<h2>Zaklju\u010dek<\/h2>\n<p>Va\u0161 dostop lahko nemudoma prekinemo ali za\u010dasno ustavimo, brez predhodnega obvestila ali odgovornosti, iz katerega koli razloga, med drugim tudi, \u010de kr\u0161ite te Pogoje.<\/p>\n<p>Ob prekinitvi pogodbe va\u0161a pravica do uporabe storitve nemudoma preneha.<\/p>\n<\/p>\n<h2>Omejitev odgovornosti<\/h2>\n<p>Ne glede na morebitno \u0161kodo, ki bi vam lahko nastala, je celotna odgovornost dru\u017ebe in vseh njenih dobaviteljev na podlagi katere koli dolo\u010dbe teh pogojev in va\u0161e izklju\u010dno pravno sredstvo za vse zgoraj navedeno omejeno na znesek, ki ste ga dejansko pla\u010dali prek storitve, ali 100 USD, \u010de prek storitve niste kupili ni\u010desar.<\/p>\n<p>V najve\u010djem obsegu, ki ga dovoljuje veljavna zakonodaja, dru\u017eba ali njeni dobavitelji v nobenem primeru niso odgovorni za kakr\u0161no koli posebno, naklju\u010dno, posredno ali posledi\u010dno \u0161kodo (med drugim za \u0161kodo zaradi izgube dobi\u010dka, izgube podatkov ali drugih informacij, prekinitve poslovanja, telesne po\u0161kodbe, izgubo zasebnosti, ki izhaja iz uporabe ali nezmo\u017enosti uporabe storitve, programske in\/ali strojne opreme tretjih oseb, ki se uporablja s storitvijo, ali je kakor koli povezana z njo, ali kako druga\u010de v povezavi s katero koli dolo\u010dbo teh pogojev), tudi \u010de je bila dru\u017eba ali kateri koli dobavitelj obve\u0161\u010den o mo\u017enosti take \u0161kode in tudi \u010de pravno sredstvo ne dose\u017ee svojega bistvenega namena.<\/p>\n<p>Nekatere dr\u017eave ne dovoljujejo izklju\u010ditve implicitnih jamstev ali omejitve odgovornosti za naklju\u010dno ali posledi\u010dno \u0161kodo, kar pomeni, da nekatere od zgornjih omejitev morda ne bodo veljale. V teh dr\u017eavah bo odgovornost vsake stranke omejena v najve\u010djem zakonsko dovoljenem obsegu. <\/p>\n<\/p>\n<h2>Izjava o zavrnitvi odgovornosti &#8220;KAKO JE&#8221; in &#8220;KAKO JE DOSTOPNO&#8221;<\/h2>\n<p>Storitev vam je na voljo &#8220;KAKO JE&#8221; in &#8220;KAKO JE DOSTOPNA&#8221; ter z vsemi napakami in pomanjkljivostmi brez kakr\u0161ne koli garancije. V najve\u010djem obsegu, ki ga dovoljuje veljavna zakonodaja, Dru\u017eba v svojem imenu in v imenu svojih podru\u017enic ter svojih in njihovih dajalcev licenc in ponudnikov storitev izrecno zavra\u010da vsa jamstva, izrecna, implicitna, zakonska ali druga, v zvezi s Storitvijo, vklju\u010dno z vsemi implicitnimi jamstvi o prodajnosti, primernosti za dolo\u010den namen, naslovu in nedotakljivosti ter jamstvi, ki lahko izhajajo iz na\u010dina poslovanja, izvajanja, uporabe ali poslovne prakse. Brez omejitev na zgoraj navedeno dru\u017eba ne daje nobenega jamstva ali zaveze in ne zagotavlja, da bo storitev izpolnjevala va\u0161e zahteve, dosegla predvidene rezultate, da bo zdru\u017eljiva ali delovala z drugo programsko opremo, aplikacijami, sistemi ali storitvami, delovala brez prekinitev, izpolnjevala standarde delovanja ali zanesljivosti, da bo brez napak ali da bodo napake ali pomanjkljivosti lahko odpravljene ali bodo odpravljene.  <\/p>\n<p>Brez omejitve zgoraj navedenega niti dru\u017eba niti kateri koli njen ponudnik ne daje nobenih izrecnih ali implicitnih zagotovil ali jamstev: (i) v zvezi z delovanjem ali razpolo\u017eljivostjo storitve ali informacijami, vsebino in gradivom ali izdelki, vklju\u010denimi v storitev; (ii) da bo storitev neprekinjena ali brez napak; (iii) v zvezi z natan\u010dnostjo, zanesljivostjo ali aktualnostjo informacij ali vsebine, zagotovljene prek storitve; ali (iv) da storitev, njeni stre\u017eniki, vsebina ali elektronska sporo\u010dila, poslana iz dru\u017ebe ali v njenem imenu, ne vsebujejo virusov, skript, trojanskih konjev, \u010drvov, \u0161kodljive programske opreme, \u010dasovnih bomb ali drugih \u0161kodljivih sestavin.    <\/p>\n<p>Nekatere jurisdikcije ne dovoljujejo izklju\u010ditve nekaterih vrst jamstev ali omejitev veljavnih zakonskih pravic potro\u0161nikov, zato nekatere ali vse zgoraj navedene izklju\u010ditve in omejitve morda ne veljajo za vas. Vendar se v takem primeru izklju\u010ditve in omejitve iz tega poglavja uporabljajo v najve\u010djem obsegu, ki ga je mogo\u010de uveljaviti v skladu z veljavno zakonodajo. <\/p>\n<\/p>\n<h2>Pristojno pravo<\/h2>\n<p>Za te pogoje in va\u0161o uporabo storitve veljajo zakoni dr\u017eave, razen kolizijskih pravil. Za va\u0161o uporabo Aplikacije lahko veljajo tudi drugi lokalni, dr\u017eavni, nacionalni ali mednarodni zakoni. <\/p>\n<\/p>\n<h2>Re\u0161evanje sporov<\/h2>\n<p>\u010ce imate kakr\u0161ne koli pomisleke ali spore v zvezi s storitvijo, se strinjate, da boste spor najprej posku\u0161ali re\u0161iti neformalno, tako da se obrnete na Dru\u017ebo.<\/p>\n<\/p>\n<h2>Za uporabnike iz Evropske unije (EU)<\/h2>\n<p>\u010ce ste potro\u0161nik iz Evropske unije, za vas veljajo vse obvezne dolo\u010dbe zakonodaje dr\u017eave, v kateri prebivate.<\/p>\n<\/p>\n<h2>Zdru\u017eene dr\u017eave Amerike Pravna skladnost<\/h2>\n<p>Izjavljate in zagotavljate, da (i) se ne nahajate v dr\u017eavi, za katero velja embargo vlade Zdru\u017eenih dr\u017eav Amerike ali ki jo je vlada Zdru\u017eenih dr\u017eav Amerike ozna\u010dila kot dr\u017eavo, ki podpira terorizem, in (ii) niste navedeni na nobenem seznamu prepovedanih ali omejenih strank vlade Zdru\u017eenih dr\u017eav Amerike.  <\/p>\n<\/p>\n<h2>Razvezljivost in odpoved<\/h2>\n<h3>Razvezljivost<\/h3>\n<p>\u010ce se katera koli dolo\u010dba teh pogojev izka\u017ee za neizvr\u0161ljivo ali neveljavno, se tak\u0161na dolo\u010dba spremeni in razlaga tako, da se dose\u017eejo cilji tak\u0161ne dolo\u010dbe v najve\u010djem mo\u017enem obsegu v skladu z veljavno zakonodajo, preostale dolo\u010dbe pa ostanejo v celoti veljavne in u\u010dinkovite.<\/p>\n<\/p>\n<h3>Opustitev<\/h3>\n<p>\u010ce stranka ne uveljavlja pravice ali ne zahteva izpolnitve obveznosti v skladu s temi pogoji, to ne vpliva na njeno mo\u017enost, da bi kadar koli pozneje uveljavljala tak\u0161no pravico ali zahtevala tak\u0161no izpolnitev, razen \u010de je to dolo\u010deno v teh pogojih, in opustitev kr\u0161itve ne pomeni opustitve katere koli poznej\u0161e kr\u0161itve.<\/p>\n<\/p>\n<h2>Prevajanje Tolma\u010denje<\/h2>\n<p>Ti pogoji so lahko prevedeni, \u010de smo vam jih dali na voljo v na\u0161i storitvi.<br \/>Strinjate se, da v primeru spora prevlada izvirno angle\u0161ko besedilo.<\/p>\n<\/p>\n<h2>Spremembe teh pogojev in dolo\u010dil<\/h2>\n<p>Pridr\u017eujemo si pravico, da po lastni presoji kadar koli spremenimo ali nadomestimo te pogoje. \u010ce je sprememba bistvenega pomena, si bomo razumno prizadevali, da vas o tem obvestimo vsaj 30 dni pred za\u010detkom veljavnosti novih pogojev. O tem, kaj je bistvena sprememba, odlo\u010damo po lastni presoji.  <\/p>\n<p>Z nadaljnjim dostopom do na\u0161e storitve ali njeno uporabo po za\u010detku veljavnosti teh sprememb se strinjate, da vas spremenjeni pogoji zavezujejo. \u010ce se z novimi pogoji v celoti ali delno ne strinjate, prenehajte uporabljati spletno mesto in storitev. <\/p>\n<\/p>\n<h2>Pi\u0161ite nam<\/h2>\n<p>\u010ce imate kakr\u0161na koli vpra\u0161anja o teh pogojih, se lahko obrnete na nas:<\/p>\n<ul>\n<li>Po e-po\u0161ti: info@mycopor.eu<\/li>\n<\/ul>\n<\/div>\n\t\t\t\t\t\t\t\t<\/div>\n\t\t\t\t<\/div>\n\t\t\t\t\t<\/div>\n\t\t\t\t<\/div>\n\t\t\t\t<\/div>\n\t\t","protected":false},"excerpt":{"rendered":"Splo\u0161ni pogoji poslovanja Pred uporabo na\u0161e storitve natan\u010dno preberite te pogoje in dolo\u010dila. Razlaga in opredelitve pojmov Tolma\u010denje Besede, katerih za\u010detna \u010drka je zapisana z veliko za\u010detnico, imajo pomen, opredeljen pod naslednjimi pogoji. Naslednje opredelitve imajo enak pomen ne glede na to, ali so navedene v ednini ali mno\u017eini. Opredelitve pojmov Za namene teh Pogojev&#8230; <a class=\"view-article\" href=\"https:\/\/mycopor.eu\/sl\/splosni-pogoji-poslovanja\/\">View Article<\/a>","protected":false},"author":5,"featured_media":0,"parent":0,"menu_order":0,"comment_status":"closed","ping_status":"closed","template":"","meta":{"footnotes":""},"class_list":["post-1266","page","type-page","status-publish","hentry"],"_links":{"self":[{"href":"https:\/\/mycopor.eu\/sl\/wp-json\/wp\/v2\/pages\/1266","targetHints":{"allow":["GET"]}}],"collection":[{"href":"https:\/\/mycopor.eu\/sl\/wp-json\/wp\/v2\/pages"}],"about":[{"href":"https:\/\/mycopor.eu\/sl\/wp-json\/wp\/v2\/types\/page"}],"author":[{"embeddable":true,"href":"https:\/\/mycopor.eu\/sl\/wp-json\/wp\/v2\/users\/5"}],"replies":[{"embeddable":true,"href":"https:\/\/mycopor.eu\/sl\/wp-json\/wp\/v2\/comments?post=1266"}],"version-history":[{"count":6,"href":"https:\/\/mycopor.eu\/sl\/wp-json\/wp\/v2\/pages\/1266\/revisions"}],"predecessor-version":[{"id":1337,"href":"https:\/\/mycopor.eu\/sl\/wp-json\/wp\/v2\/pages\/1266\/revisions\/1337"}],"wp:attachment":[{"href":"https:\/\/mycopor.eu\/sl\/wp-json\/wp\/v2\/media?parent=1266"}],"curies":[{"name":"wp","href":"https:\/\/api.w.org\/{rel}","templated":true}]}}